{"id":352,"date":"2025-07-29T13:55:35","date_gmt":"2025-07-29T11:55:35","guid":{"rendered":"https:\/\/sticsa.com\/contactar\/"},"modified":"2025-08-01T17:45:46","modified_gmt":"2025-08-01T15:45:46","slug":"contactar","status":"publish","type":"page","link":"https:\/\/sticsa.com\/ca\/contactar\/","title":{"rendered":"Contactar"},"content":{"rendered":"\n<div class=\"wp-block-cover alignfull\" style=\"min-height:550px;aspect-ratio:unset;\"><img loading=\"lazy\" decoding=\"async\" width=\"2048\" height=\"2048\" class=\"wp-block-cover__image-background wp-image-192 size-full\" alt=\"\" src=\"https:\/\/sticsa.com\/wp-content\/uploads\/2025\/07\/misscreativacom_Healthy_Meal_Planning_in_a_Kitchen_-raw_-sref_4ded7099-22bd-4d4d-933f-45565b713778.webp\" style=\"object-position:48% 40%\" data-object-fit=\"cover\" data-object-position=\"48% 40%\" srcset=\"https:\/\/sticsa.com\/wp-content\/uploads\/2025\/07\/misscreativacom_Healthy_Meal_Planning_in_a_Kitchen_-raw_-sref_4ded7099-22bd-4d4d-933f-45565b713778.webp 2048w, https:\/\/sticsa.com\/wp-content\/uploads\/2025\/07\/misscreativacom_Healthy_Meal_Planning_in_a_Kitchen_-raw_-sref_4ded7099-22bd-4d4d-933f-45565b713778-300x300.webp 300w, https:\/\/sticsa.com\/wp-content\/uploads\/2025\/07\/misscreativacom_Healthy_Meal_Planning_in_a_Kitchen_-raw_-sref_4ded7099-22bd-4d4d-933f-45565b713778-1024x1024.webp 1024w, https:\/\/sticsa.com\/wp-content\/uploads\/2025\/07\/misscreativacom_Healthy_Meal_Planning_in_a_Kitchen_-raw_-sref_4ded7099-22bd-4d4d-933f-45565b713778-150x150.webp 150w, https:\/\/sticsa.com\/wp-content\/uploads\/2025\/07\/misscreativacom_Healthy_Meal_Planning_in_a_Kitchen_-raw_-sref_4ded7099-22bd-4d4d-933f-45565b713778-768x768.webp 768w, https:\/\/sticsa.com\/wp-content\/uploads\/2025\/07\/misscreativacom_Healthy_Meal_Planning_in_a_Kitchen_-raw_-sref_4ded7099-22bd-4d4d-933f-45565b713778-1536x1536.webp 1536w, https:\/\/sticsa.com\/wp-content\/uploads\/2025\/07\/misscreativacom_Healthy_Meal_Planning_in_a_Kitchen_-raw_-sref_4ded7099-22bd-4d4d-933f-45565b713778-75x75.webp 75w\" sizes=\"auto, (max-width: 2048px) 100vw, 2048px\" \/><span aria-hidden=\"true\" class=\"wp-block-cover__background has-theme-secondary-background-color has-background-dim\"><\/span><div class=\"wp-block-cover__inner-container is-layout-constrained wp-block-cover-is-layout-constrained\">\n<h1 class=\"wp-block-heading has-text-align-center\"><strong><strong>Contactar<\/strong><\/strong><\/h1>\n<\/div><\/div>\n\n<div style=\"height:100px\" aria-hidden=\"true\" class=\"wp-block-spacer\"><\/div>\n\n<div class=\"wp-block-columns alignwide is-layout-flex wp-container-core-columns-is-layout-9d6595d7 wp-block-columns-is-layout-flex\">\n<div class=\"wp-block-column is-layout-flow wp-block-column-is-layout-flow\">\n<div style=\"height:30px\" aria-hidden=\"true\" class=\"wp-block-spacer\"><\/div>\n\n\n\n<div class=\"wp-block-columns alignwide is-layout-flex wp-container-core-columns-is-layout-9d6595d7 wp-block-columns-is-layout-flex\">\n<div class=\"wp-block-column is-layout-flow wp-block-column-is-layout-flow\" style=\"flex-basis:33.33%\">\n<p>Pots contactar amb nosaltres a aquest correu electr\u00f2nic:<\/p>\n\n\n\n<p class=\"mail\"><span class=\"wp-rich-text-font-awesome-icon wp-font-awesome-icon\"><svg xmlns=\"http:\/\/www.w3.org\/2000\/svg\" aria-hidden=\"true\" focusable=\"false\" data-prefix=\"far\" data-icon=\"envelope\" class=\"svg-inline--fa fa-envelope \" role=\"img\" viewbox=\"0 0 512 512\" color=\"#3eba8e\"><path fill=\"currentColor\" d=\"M61.4 64C27.5 64 0 91.5 0 125.4 0 126.3 0 127.1 .1 128L0 128 0 384c0 35.3 28.7 64 64 64l384 0c35.3 0 64-28.7 64-64l0-256-.1 0c0-.9 .1-1.7 .1-2.6 0-33.9-27.5-61.4-61.4-61.4L61.4 64zM464 192.3L464 384c0 8.8-7.2 16-16 16L64 400c-8.8 0-16-7.2-16-16l0-191.7 154.8 117.4c31.4 23.9 74.9 23.9 106.4 0L464 192.3zM48 125.4C48 118 54 112 61.4 112l389.2 0c7.4 0 13.4 6 13.4 13.4 0 4.2-2 8.2-5.3 10.7L280.2 271.5c-14.3 10.8-34.1 10.8-48.4 0L53.3 136.1c-3.3-2.5-5.3-6.5-5.3-10.7z\"><\/path><\/svg><\/span><strong> <a href=\"mailto:info@sticsa.com\">info@sticsa.com<\/a><\/strong><\/p>\n\n\n\n<p class=\"nota\">Quan et posis en contacte amb <strong>Sticsa <\/strong>utilitzarem el teu correu electr\u00f2nic per mantenir contacte professional, en base a l&#8217;inter\u00e8s leg\u00edtim. Si tens algun dubte, consulta la <a href=\"https:\/\/sticsa.com\/ca\/politica-de-privacitat\/\" data-type=\"page\" data-id=\"3\">Pol\u00edtica de Privadesa<\/a> <\/p>\n<\/div>\n\n\n\n<div class=\"wp-block-column is-layout-flow wp-block-column-is-layout-flow\" style=\"flex-basis:66.66%\">\n<p>O si ho prefereixes, omple el seg\u00fcent formulari:<\/p>\n\n\n\n<div class=\"wp-block-contact-form-7-contact-form-selector\">\n<div class=\"wpcf7 no-js\" id=\"wpcf7-f339-o1\" lang=\"ca\" dir=\"ltr\" data-wpcf7-id=\"339\">\n<div class=\"screen-reader-response\"><p role=\"status\" aria-live=\"polite\" aria-atomic=\"true\"><\/p> <ul><\/ul><\/div>\n<form action=\"\/ca\/wp-json\/wp\/v2\/pages\/352#wpcf7-f339-o1\" method=\"post\" class=\"wpcf7-form init\" aria-label=\"Formulari de contacte\" novalidate=\"novalidate\" data-status=\"init\">\n<fieldset class=\"hidden-fields-container\"><input type=\"hidden\" name=\"_wpcf7\" value=\"339\" \/><input type=\"hidden\" name=\"_wpcf7_version\" value=\"6.1.5\" \/><input type=\"hidden\" name=\"_wpcf7_locale\" value=\"ca\" \/><input type=\"hidden\" name=\"_wpcf7_unit_tag\" value=\"wpcf7-f339-o1\" \/><input type=\"hidden\" name=\"_wpcf7_container_post\" value=\"0\" \/><input type=\"hidden\" name=\"_wpcf7_posted_data_hash\" value=\"\" \/><input type=\"hidden\" name=\"_wpcf7_recaptcha_response\" value=\"\" \/>\n<\/fieldset>\n<p><label> El teu correu electr\u00f2nic<br \/>\n<span class=\"wpcf7-form-control-wrap\" data-name=\"your-email\"><input size=\"40\" maxlength=\"400\" class=\"wpcf7-form-control wpcf7-email wpcf7-validates-as-required wpcf7-text wpcf7-validates-as-email\" autocomplete=\"email\" aria-required=\"true\" aria-invalid=\"false\" value=\"\" type=\"email\" name=\"your-email\" \/><\/span> <\/label>\n<\/p>\n<p><label> El teu missatge<br \/>\n<span class=\"wpcf7-form-control-wrap\" data-name=\"your-message\"><textarea cols=\"40\" rows=\"10\" maxlength=\"2000\" class=\"wpcf7-form-control wpcf7-textarea wpcf7-validates-as-required\" aria-required=\"true\" aria-invalid=\"false\" name=\"your-message\"><\/textarea><\/span> <\/label>\n<\/p>\n<p>Sticsa et respondr\u00e0 la consulta que ens facis arribar per aquest formulari. Pots exercir els teus drets i consultar tota la informaci\u00f3 a la <a href=\"\/ca\/politica-de-privacitat\/\"> pol\u00edtica de privacitat<\/a><br \/>\n<span class=\"wpcf7-form-control-wrap\" data-name=\"acceptance-909\"><span class=\"wpcf7-form-control wpcf7-acceptance\"><span class=\"wpcf7-list-item\"><label><input type=\"checkbox\" name=\"acceptance-909\" value=\"1\" aria-invalid=\"false\" \/><span class=\"wpcf7-list-item-label\">Si, accepto que Sticsa tracti les meves dades personals per respondre la consulta que envio.<\/span><\/label><\/span><\/span><\/span>\n<\/p>\n<p><input class=\"wpcf7-form-control wpcf7-submit has-spinner\" type=\"submit\" value=\"Envia\" \/>\n<\/p><div class=\"wpcf7-response-output\" aria-hidden=\"true\"><\/div>\n<\/form>\n<\/div>\n<\/div>\n<\/div>\n<\/div>\n<\/div>\n<\/div>\n\n<div style=\"height:100px\" aria-hidden=\"true\" class=\"wp-block-spacer\"><\/div>\n\n<figure class=\"wp-block-image alignwide size-full\"><img loading=\"lazy\" decoding=\"async\" width=\"1024\" height=\"95\" src=\"https:\/\/sticsa.com\/wp-content\/uploads\/2025\/07\/CONBANDERA_KITDIGITAL-1024x95-1.webp\" alt=\"\" class=\"wp-image-131\" srcset=\"https:\/\/sticsa.com\/wp-content\/uploads\/2025\/07\/CONBANDERA_KITDIGITAL-1024x95-1.webp 1024w, https:\/\/sticsa.com\/wp-content\/uploads\/2025\/07\/CONBANDERA_KITDIGITAL-1024x95-1-300x28.webp 300w, https:\/\/sticsa.com\/wp-content\/uploads\/2025\/07\/CONBANDERA_KITDIGITAL-1024x95-1-768x71.webp 768w\" sizes=\"auto, (max-width: 1024px) 100vw, 1024px\" \/><\/figure>\n","protected":false},"excerpt":{"rendered":"<p>Pots contactar amb nosaltres a aquest correu electr\u00f2nic: info@sticsa.com Quan et posis en contacte amb Sticsa utilitzarem el teu correu electr\u00f2nic per mantenir contacte professional, en base a l&#8217;inter\u00e8s leg\u00edtim. Si tens algun dubte, consulta la Pol\u00edtica de Privadesa O si ho prefereixes, omple el seg\u00fcent formulari:<\/p>\n","protected":false},"author":1,"featured_media":0,"parent":0,"menu_order":0,"comment_status":"closed","ping_status":"closed","template":"","meta":{"_genesis_hide_title":true,"_genesis_hide_breadcrumbs":false,"_genesis_hide_singular_image":false,"_genesis_hide_footer_widgets":false,"_genesis_custom_body_class":"","_genesis_custom_post_class":"","_genesis_layout":"","footnotes":""},"class_list":{"0":"post-352","1":"page","2":"type-page","3":"status-publish","5":"entry"},"_links":{"self":[{"href":"https:\/\/sticsa.com\/ca\/wp-json\/wp\/v2\/pages\/352","targetHints":{"allow":["GET"]}}],"collection":[{"href":"https:\/\/sticsa.com\/ca\/wp-json\/wp\/v2\/pages"}],"about":[{"href":"https:\/\/sticsa.com\/ca\/wp-json\/wp\/v2\/types\/page"}],"author":[{"embeddable":true,"href":"https:\/\/sticsa.com\/ca\/wp-json\/wp\/v2\/users\/1"}],"replies":[{"embeddable":true,"href":"https:\/\/sticsa.com\/ca\/wp-json\/wp\/v2\/comments?post=352"}],"version-history":[{"count":3,"href":"https:\/\/sticsa.com\/ca\/wp-json\/wp\/v2\/pages\/352\/revisions"}],"predecessor-version":[{"id":435,"href":"https:\/\/sticsa.com\/ca\/wp-json\/wp\/v2\/pages\/352\/revisions\/435"}],"wp:attachment":[{"href":"https:\/\/sticsa.com\/ca\/wp-json\/wp\/v2\/media?parent=352"}],"curies":[{"name":"wp","href":"https:\/\/api.w.org\/{rel}","templated":true}]}}