{"id":355,"date":"2025-07-28T19:26:26","date_gmt":"2025-07-28T17:26:26","guid":{"rendered":"https:\/\/sticsa.com\/serveis-dassessorament-en-seguretat-i-qualitat-alimentaria\/"},"modified":"2025-08-08T18:57:01","modified_gmt":"2025-08-08T16:57:01","slug":"serveis-dassessorament-en-seguretat-i-qualitat-alimentaria","status":"publish","type":"page","link":"https:\/\/sticsa.com\/ca\/serveis-dassessorament-en-seguretat-i-qualitat-alimentaria\/","title":{"rendered":"Serveis d&#8217;Assessorament en Seguretat i Qualitat Aliment\u00e0ria"},"content":{"rendered":"\n<div class=\"wp-block-cover alignfull has-custom-content-position is-position-center-left\" style=\"min-height:550px;aspect-ratio:unset;\"><img loading=\"lazy\" decoding=\"async\" width=\"2000\" height=\"1000\" class=\"wp-block-cover__image-background wp-image-151 size-full\" alt=\"\" src=\"https:\/\/sticsa.com\/wp-content\/uploads\/2025\/07\/misscreativacom_hand_without_globe_-ar_21_-raw_-v_6.1_6cc67350-5d04-45c4-8ab9-c3592954d995.webp\" style=\"object-position:50% 50%\" data-object-fit=\"cover\" data-object-position=\"50% 50%\" srcset=\"https:\/\/sticsa.com\/wp-content\/uploads\/2025\/07\/misscreativacom_hand_without_globe_-ar_21_-raw_-v_6.1_6cc67350-5d04-45c4-8ab9-c3592954d995.webp 2000w, https:\/\/sticsa.com\/wp-content\/uploads\/2025\/07\/misscreativacom_hand_without_globe_-ar_21_-raw_-v_6.1_6cc67350-5d04-45c4-8ab9-c3592954d995-300x150.webp 300w, https:\/\/sticsa.com\/wp-content\/uploads\/2025\/07\/misscreativacom_hand_without_globe_-ar_21_-raw_-v_6.1_6cc67350-5d04-45c4-8ab9-c3592954d995-1024x512.webp 1024w, https:\/\/sticsa.com\/wp-content\/uploads\/2025\/07\/misscreativacom_hand_without_globe_-ar_21_-raw_-v_6.1_6cc67350-5d04-45c4-8ab9-c3592954d995-768x384.webp 768w, https:\/\/sticsa.com\/wp-content\/uploads\/2025\/07\/misscreativacom_hand_without_globe_-ar_21_-raw_-v_6.1_6cc67350-5d04-45c4-8ab9-c3592954d995-1536x768.webp 1536w\" sizes=\"auto, (max-width: 2000px) 100vw, 2000px\" \/><span aria-hidden=\"true\" class=\"wp-block-cover__background has-theme-secondary-background-color has-background-dim\"><\/span><div class=\"wp-block-cover__inner-container is-layout-constrained wp-block-cover-is-layout-constrained\">\n<div class=\"wp-block-columns col-banner is-layout-flex wp-container-core-columns-is-layout-9d6595d7 wp-block-columns-is-layout-flex\">\n<div class=\"wp-block-column is-layout-flow wp-block-column-is-layout-flow\" style=\"flex-basis:66.66%\">\n<h1 class=\"wp-block-heading\"><strong><strong>Serveis d&#8217;Assessorament en Seguretat i Qualitat Aliment\u00e0ria<\/strong><\/strong><\/h1>\n\n\n\n<div class=\"wp-block-buttons is-layout-flex wp-block-buttons-is-layout-flex\">\n<div class=\"wp-block-button cta\"><a class=\"wp-block-button__link wp-element-button\" href=\"#contactar\" style=\"border-radius:100px\">M&#8217;interessa<\/a><\/div>\n\n\n\n<div class=\"wp-block-button link-fosc\"><a class=\"wp-block-button__link wp-element-button\" href=\"#seguretat-alimentaria\" style=\"border-radius:100px\">Saber-ne m\u00e9s <i class=\"fas fa-arrow-right-long\"><\/i><\/a><\/div>\n<\/div>\n<\/div>\n\n\n\n<div class=\"wp-block-column is-layout-flow wp-block-column-is-layout-flow\" style=\"flex-basis:33.3%\"><\/div>\n<\/div>\n<\/div><\/div>\n\n\n\n<div style=\"height:100px\" aria-hidden=\"true\" class=\"wp-block-spacer\"><\/div>\n\n\n\n<div class=\"wp-block-columns alignwide is-layout-flex wp-container-core-columns-is-layout-9d6595d7 wp-block-columns-is-layout-flex\">\n<div class=\"wp-block-column is-layout-flow wp-block-column-is-layout-flow\" style=\"flex-basis:66.66%\">\n<h2 class=\"wp-block-heading\" id=\"seguretat-alimentaria\"><strong><strong>La seguretat aliment\u00e0ria \u00e9s fonamental per garantir que els productes que arriben als consumidors siguin segurs, de qualitat i compleixin amb les normatives vigents. <\/strong><\/strong><\/h2>\n\n\n\n<h2 class=\"wp-block-heading verd\"><strong><strong>El nostre equip d&#8217;experts en consultoria treballa per ajudar-te a prevenir riscos, complir amb les regulacions i enfortir la confian\u00e7a en els teus productes i processos.<\/strong><\/strong><\/h2>\n<\/div>\n\n\n\n<div class=\"wp-block-column is-layout-flow wp-block-column-is-layout-flow\" style=\"flex-basis:33.33%\"><\/div>\n<\/div>\n\n\n\n<div class=\"wp-block-columns alignwide is-layout-flex wp-container-core-columns-is-layout-9d6595d7 wp-block-columns-is-layout-flex\">\n<div class=\"wp-block-column card-verda is-layout-flow wp-block-column-is-layout-flow\">\n<h3 class=\"wp-block-heading\"><strong><strong>Auditories d&#8217;avaluaci\u00f3 de riscos i an\u00e0lisi de perills.<\/strong><\/strong><\/h3>\n\n\n\n<p>Realitzem auditories de seguretat i higiene aliment\u00e0ria, identificant \u00e0rees de millora i riscos potencials, amb recomanacions per enfortir els processos i complir amb els est\u00e0ndards.<\/p>\n<\/div>\n\n\n\n<div class=\"wp-block-column card-verda is-layout-flow wp-block-column-is-layout-flow\">\n<h3 class=\"wp-block-heading\"><strong><strong>Desenvolupament i implementaci\u00f3 de Sistemes de Gesti\u00f3 de la Qualitat i la Seguretat Aliment\u00e0ria.<\/strong><\/strong><\/h3>\n\n\n\n<p>Dissenyem, implementem i optimitzem sistemes de gesti\u00f3 com l&#8217;APPCC (An\u00e0lisi de Perills i Punts Cr\u00edtics de Control) i control dels prerequisits de l&#8217;APPCC per garantir la seguretat en cada etapa de la cadena productiva. Assessorem en la identificaci\u00f3, avaluaci\u00f3, control de perills i la seva documentaci\u00f3.<\/p>\n<\/div>\n<\/div>\n\n\n\n<div class=\"wp-block-columns alignwide is-layout-flex wp-container-core-columns-is-layout-9d6595d7 wp-block-columns-is-layout-flex\">\n<div class=\"wp-block-column card-verda is-layout-flow wp-block-column-is-layout-flow\">\n<h3 class=\"wp-block-heading\"><strong><strong><strong>Capacitaci\u00f3 i Formaci\u00f3.<\/strong><\/strong><\/strong><\/h3>\n\n\n\n<p>Oferim programes de capacitaci\u00f3 per a l&#8217;equip, enfocats en bones pr\u00e0ctiques de manipulaci\u00f3, higiene, tra\u00e7abilitat i gesti\u00f3 de riscos alimentaris, promovent una cultura de seguretat a l&#8217;empresa.<\/p>\n<\/div>\n\n\n\n<div class=\"wp-block-column card-verda is-layout-flow wp-block-column-is-layout-flow\">\n<h3 class=\"wp-block-heading\"><strong><strong><strong>Protocols per al control dels al\u00b7l\u00e8rgens i dietes especials.<\/strong><\/strong><\/strong><\/h3>\n\n\n\n<p>S\u00f3n procediments establerts que asseguren la identificaci\u00f3, maneig i prevenci\u00f3 de la contaminaci\u00f3 creuada d&#8217;ingredients i productes que contenen al\u00b7l\u00e8rgens, aix\u00ed com l&#8217;adaptaci\u00f3 de les nostres ofertes per a aquells que requereixen dietes especials, com vegetarians, vegans, cel\u00edacs, entre d&#8217;altres.<\/p>\n<\/div>\n<\/div>\n\n\n\n<div style=\"height:30px\" aria-hidden=\"true\" class=\"wp-block-spacer\"><\/div>\n\n\n\n<div class=\"wp-block-columns alignfull is-layout-flex wp-container-core-columns-is-layout-9d6595d7 wp-block-columns-is-layout-flex\">\n<div class=\"wp-block-column has-background is-layout-flow wp-block-column-is-layout-flow\" style=\"background-color:#f7f9f8\">\n<div class=\"wp-block-columns alignwide is-layout-flex wp-container-core-columns-is-layout-9d6595d7 wp-block-columns-is-layout-flex\">\n<div class=\"wp-block-column is-layout-flow wp-block-column-is-layout-flow\">\n<div style=\"height:100px\" aria-hidden=\"true\" class=\"wp-block-spacer\"><\/div>\n\n\n<div class=\"wp-block-image\">\n<figure class=\"aligncenter size-full is-resized\" id=\"sobre-sticsa\"><img loading=\"lazy\" decoding=\"async\" width=\"200\" height=\"61\" src=\"https:\/\/sticsa.com\/wp-content\/uploads\/2025\/07\/Logo-STICSA-ok.webp\" alt=\"Logotip Sticsa\" class=\"wp-image-384\" style=\"width:160px\"\/><\/figure>\n<\/div>\n\n\n<div style=\"height:60px\" aria-hidden=\"true\" class=\"wp-block-spacer\"><\/div>\n\n\n\n<p class=\"has-text-align-center\">Empresa fundada el 2004, <strong>Sticsa va n\u00e9ixer amb la missi\u00f3 d\u2019oferir un servei d\u2019assessorament professional i integral en tots els \u00e0mbits de l\u2019alimentaci\u00f3, la nutrici\u00f3 i la salut. <\/strong>El nostre equip \u00e9s la nostra distinci\u00f3. Amb <strong>20 anys d\u2019experi\u00e8ncia<\/strong> en el sector, treballem amb rigor i precisi\u00f3, amb una gran capacitat per oferir un assessorament proper i personalitzat.  <\/p>\n\n\n\n<p class=\"has-text-align-center\">Ens comprometem a entendre en profunditat les particularitats de cada client per oferir <strong>solucions a mida, amb un m\u00e8tode propi <\/strong>que combina efic\u00e0cia i senzillesa. Som <strong>especialistes en el sector de l\u2019alta qualitat i l\u2019excel\u00b7l\u00e8ncia<\/strong>. Oferim serveis a empreses mitjanes i grups que valoren l\u2019exclusivitat i prioritzen l\u2019atenci\u00f3 meticulosa en cadascuna de les seves operacions.  <\/p>\n\n\n\n<div style=\"height:30px\" aria-hidden=\"true\" class=\"wp-block-spacer\"><\/div>\n\n\n\n<div class=\"wp-block-columns is-layout-flex wp-container-core-columns-is-layout-9d6595d7 wp-block-columns-is-layout-flex\" id=\"clientes\">\n<div class=\"wp-block-column is-layout-flow wp-block-column-is-layout-flow\">\n<p><strong>\u201c<em>Fan f\u00e0cil el que \u00e9s complicat, venen amb tota la documentaci\u00f3 preparada i organitzada<\/em>\u201d<\/strong><br>Ricard<\/p>\n<\/div>\n\n\n\n<div class=\"wp-block-column is-layout-flow wp-block-column-is-layout-flow\">\n<p><strong>\u201c<em>Quan tenim dubtes o algun problema, ens atenen i venen molt r\u00e0pid<\/em>\u201d<\/strong><br>David<\/p>\n<\/div>\n<\/div>\n\n\n\n<div style=\"height:30px\" aria-hidden=\"true\" class=\"wp-block-spacer\"><\/div>\n<\/div>\n<\/div>\n<\/div>\n<\/div>\n\n\n\n<div style=\"height:60px\" aria-hidden=\"true\" class=\"wp-block-spacer\"><\/div>\n\n\n\n<p class=\"has-text-align-center beneficios\" id=\"beneficios\"><strong>Per qu\u00e8 escollir-nos<\/strong><\/p>\n\n\n\n<div style=\"height:20px\" aria-hidden=\"true\" class=\"wp-block-spacer\"><\/div>\n\n\n\n<div class=\"wp-block-columns alignwide is-layout-flex wp-container-core-columns-is-layout-9d6595d7 wp-block-columns-is-layout-flex\">\n<div class=\"wp-block-column is-layout-flow wp-block-column-is-layout-flow\"><div class=\"wp-block-image\">\n<figure class=\"aligncenter size-full\"><img loading=\"lazy\" decoding=\"async\" width=\"51\" height=\"51\" src=\"https:\/\/sticsa.com\/wp-content\/uploads\/2025\/07\/profesionales.webp\" alt=\"\" class=\"wp-image-241\"\/><\/figure>\n<\/div>\n\n\n<div style=\"height:20px\" aria-hidden=\"true\" class=\"wp-block-spacer\"><\/div>\n\n\n\n<p class=\"has-text-align-center\"><strong>Experi\u00e8ncia comprovada: <br><\/strong>el nostre equip compta amb anys d&#8217;experi\u00e8ncia en el sector alimentari i en la implementaci\u00f3 de sistemes de seguretat aliment\u00e0ria.<\/p>\n<\/div>\n\n\n\n<div class=\"wp-block-column is-layout-flow wp-block-column-is-layout-flow\"><div class=\"wp-block-image\">\n<figure class=\"aligncenter size-full\"><img loading=\"lazy\" decoding=\"async\" width=\"51\" height=\"51\" src=\"https:\/\/sticsa.com\/wp-content\/uploads\/2025\/07\/amedida.webp\" alt=\"\" class=\"wp-image-239\"\/><\/figure>\n<\/div>\n\n\n<div style=\"height:20px\" aria-hidden=\"true\" class=\"wp-block-spacer\"><\/div>\n\n\n\n<p class=\"has-text-align-center\"><strong>Enfocament personalitzat<\/strong>: <br>adaptem els nostres serveis a les necessitats espec\u00edfiques de l&#8217;empresa i del mercat.<\/p>\n<\/div>\n\n\n\n<div class=\"wp-block-column is-layout-flow wp-block-column-is-layout-flow\"><div class=\"wp-block-image\">\n<figure class=\"aligncenter size-full\"><img loading=\"lazy\" decoding=\"async\" width=\"51\" height=\"51\" src=\"https:\/\/sticsa.com\/wp-content\/uploads\/2025\/07\/compromiso.webp\" alt=\"\" class=\"wp-image-240\"\/><\/figure>\n<\/div>\n\n\n<div style=\"height:20px\" aria-hidden=\"true\" class=\"wp-block-spacer\"><\/div>\n\n\n\n<p class=\"has-text-align-center\"><strong>Comprom\u00eds amb la qualitat:<\/strong> <br>treballem perqu\u00e8 els aliments siguin segurs, compleixin amb les regulacions i reforcin la confian\u00e7a dels clients.<\/p>\n<\/div>\n<\/div>\n\n\n\n<div style=\"height:30px\" aria-hidden=\"true\" class=\"wp-block-spacer\"><\/div>\n\n\n\n<div class=\"wp-block-cover alignfull fons-mobile\" style=\"min-height:350px;aspect-ratio:unset;\"><img loading=\"lazy\" decoding=\"async\" width=\"1024\" height=\"512\" class=\"wp-block-cover__image-background wp-image-152 size-large\" alt=\"\" src=\"https:\/\/sticsa.com\/wp-content\/uploads\/2025\/07\/misscreativacom_hands_whitout_globes_-ar_21_-raw_-v_6.1_4676e334-7c0e-4463-948a-c45b934ae208-1024x512.webp\" style=\"object-position:50% 65%\" data-object-fit=\"cover\" data-object-position=\"50% 65%\" srcset=\"https:\/\/sticsa.com\/wp-content\/uploads\/2025\/07\/misscreativacom_hands_whitout_globes_-ar_21_-raw_-v_6.1_4676e334-7c0e-4463-948a-c45b934ae208-1024x512.webp 1024w, https:\/\/sticsa.com\/wp-content\/uploads\/2025\/07\/misscreativacom_hands_whitout_globes_-ar_21_-raw_-v_6.1_4676e334-7c0e-4463-948a-c45b934ae208-300x150.webp 300w, https:\/\/sticsa.com\/wp-content\/uploads\/2025\/07\/misscreativacom_hands_whitout_globes_-ar_21_-raw_-v_6.1_4676e334-7c0e-4463-948a-c45b934ae208-768x384.webp 768w, https:\/\/sticsa.com\/wp-content\/uploads\/2025\/07\/misscreativacom_hands_whitout_globes_-ar_21_-raw_-v_6.1_4676e334-7c0e-4463-948a-c45b934ae208-1536x768.webp 1536w, https:\/\/sticsa.com\/wp-content\/uploads\/2025\/07\/misscreativacom_hands_whitout_globes_-ar_21_-raw_-v_6.1_4676e334-7c0e-4463-948a-c45b934ae208.webp 2000w\" sizes=\"auto, (max-width: 1024px) 100vw, 1024px\" \/><span aria-hidden=\"true\" class=\"wp-block-cover__background has-theme-secondary-background-color has-background-dim\"><\/span><div class=\"wp-block-cover__inner-container is-layout-constrained wp-block-cover-is-layout-constrained\">\n<p class=\"has-text-align-center has-large-font-size\"><\/p>\n<\/div><\/div>\n\n\n\n<div class=\"wp-block-columns alignwide is-layout-flex wp-container-core-columns-is-layout-9d6595d7 wp-block-columns-is-layout-flex\">\n<div class=\"wp-block-column is-layout-flow wp-block-column-is-layout-flow\">\n<div style=\"height:100px\" aria-hidden=\"true\" class=\"wp-block-spacer\"><\/div>\n\n\n\n<h2 class=\"wp-block-heading\" id=\"contactar\"><strong><strong>Contacta&#8217;ns per a m\u00e9s informaci\u00f3 i concretar dates:<\/strong><\/strong><\/h2>\n\n\n\n<div style=\"height:30px\" aria-hidden=\"true\" class=\"wp-block-spacer\"><\/div>\n\n\n\n<div class=\"wp-block-columns alignwide is-layout-flex wp-container-core-columns-is-layout-9d6595d7 wp-block-columns-is-layout-flex\">\n<div class=\"wp-block-column is-layout-flow wp-block-column-is-layout-flow\" style=\"flex-basis:33.33%\">\n<p>Pots contactar amb nosaltres a aquest correu electr\u00f2nic:<\/p>\n\n\n\n<p class=\"mail\"><span class=\"wp-rich-text-font-awesome-icon wp-font-awesome-icon\"><svg xmlns=\"http:\/\/www.w3.org\/2000\/svg\" aria-hidden=\"true\" focusable=\"false\" data-prefix=\"far\" data-icon=\"envelope\" class=\"svg-inline--fa fa-envelope \" role=\"img\" viewBox=\"0 0 512 512\" color=\"#3eba8e\"><path fill=\"currentColor\" d=\"M61.4 64C27.5 64 0 91.5 0 125.4 0 126.3 0 127.1 .1 128L0 128 0 384c0 35.3 28.7 64 64 64l384 0c35.3 0 64-28.7 64-64l0-256-.1 0c0-.9 .1-1.7 .1-2.6 0-33.9-27.5-61.4-61.4-61.4L61.4 64zM464 192.3L464 384c0 8.8-7.2 16-16 16L64 400c-8.8 0-16-7.2-16-16l0-191.7 154.8 117.4c31.4 23.9 74.9 23.9 106.4 0L464 192.3zM48 125.4C48 118 54 112 61.4 112l389.2 0c7.4 0 13.4 6 13.4 13.4 0 4.2-2 8.2-5.3 10.7L280.2 271.5c-14.3 10.8-34.1 10.8-48.4 0L53.3 136.1c-3.3-2.5-5.3-6.5-5.3-10.7z\"><\/path><\/svg><\/span><strong> <a href=\"mailto:info@sticsa.com\">info@sticsa.com<\/a><\/strong><\/p>\n<\/div>\n\n\n\n<div class=\"wp-block-column is-layout-flow wp-block-column-is-layout-flow\" style=\"flex-basis:66.66%\">\n<p>O si ho prefereixes, omple el seg\u00fcent formulari:<\/p>\n\n\n\n<div class=\"wp-block-contact-form-7-contact-form-selector\">\n<div class=\"wpcf7 no-js\" id=\"wpcf7-f339-o1\" lang=\"ca\" dir=\"ltr\" data-wpcf7-id=\"339\">\n<div class=\"screen-reader-response\"><p role=\"status\" aria-live=\"polite\" aria-atomic=\"true\"><\/p> <ul><\/ul><\/div>\n<form action=\"\/ca\/wp-json\/wp\/v2\/pages\/355#wpcf7-f339-o1\" method=\"post\" class=\"wpcf7-form init\" aria-label=\"Formulari de contacte\" novalidate=\"novalidate\" data-status=\"init\">\n<fieldset class=\"hidden-fields-container\"><input type=\"hidden\" name=\"_wpcf7\" value=\"339\" \/><input type=\"hidden\" name=\"_wpcf7_version\" value=\"6.1.5\" \/><input type=\"hidden\" name=\"_wpcf7_locale\" value=\"ca\" \/><input type=\"hidden\" name=\"_wpcf7_unit_tag\" value=\"wpcf7-f339-o1\" \/><input type=\"hidden\" name=\"_wpcf7_container_post\" value=\"0\" \/><input type=\"hidden\" name=\"_wpcf7_posted_data_hash\" value=\"\" \/><input type=\"hidden\" name=\"_wpcf7_recaptcha_response\" value=\"\" \/>\n<\/fieldset>\n<p><label> El teu correu electr\u00f2nic<br \/>\n<span class=\"wpcf7-form-control-wrap\" data-name=\"your-email\"><input size=\"40\" maxlength=\"400\" class=\"wpcf7-form-control wpcf7-email wpcf7-validates-as-required wpcf7-text wpcf7-validates-as-email\" autocomplete=\"email\" aria-required=\"true\" aria-invalid=\"false\" value=\"\" type=\"email\" name=\"your-email\" \/><\/span> <\/label>\n<\/p>\n<p><label> El teu missatge<br \/>\n<span class=\"wpcf7-form-control-wrap\" data-name=\"your-message\"><textarea cols=\"40\" rows=\"10\" maxlength=\"2000\" class=\"wpcf7-form-control wpcf7-textarea wpcf7-validates-as-required\" aria-required=\"true\" aria-invalid=\"false\" name=\"your-message\"><\/textarea><\/span> <\/label>\n<\/p>\n<p>Sticsa et respondr\u00e0 la consulta que ens facis arribar per aquest formulari. Pots exercir els teus drets i consultar tota la informaci\u00f3 a la <a href=\"\/ca\/politica-de-privacitat\/\"> pol\u00edtica de privacitat<\/a><br \/>\n<span class=\"wpcf7-form-control-wrap\" data-name=\"acceptance-909\"><span class=\"wpcf7-form-control wpcf7-acceptance\"><span class=\"wpcf7-list-item\"><label><input type=\"checkbox\" name=\"acceptance-909\" value=\"1\" aria-invalid=\"false\" \/><span class=\"wpcf7-list-item-label\">Si, accepto que Sticsa tracti les meves dades personals per respondre la consulta que envio.<\/span><\/label><\/span><\/span><\/span>\n<\/p>\n<p><input class=\"wpcf7-form-control wpcf7-submit has-spinner\" type=\"submit\" value=\"Envia\" \/>\n<\/p><div class=\"wpcf7-response-output\" aria-hidden=\"true\"><\/div>\n<\/form>\n<\/div>\n<\/div>\n<\/div>\n<\/div>\n<\/div>\n<\/div>\n\n\n\n<div style=\"height:100px\" aria-hidden=\"true\" class=\"wp-block-spacer\"><\/div>\n\n\n\n<figure class=\"wp-block-image alignwide size-full\"><img loading=\"lazy\" decoding=\"async\" width=\"1024\" height=\"95\" src=\"https:\/\/sticsa.com\/wp-content\/uploads\/2025\/07\/CONBANDERA_KITDIGITAL-1024x95-1.webp\" alt=\"\" class=\"wp-image-131\" srcset=\"https:\/\/sticsa.com\/wp-content\/uploads\/2025\/07\/CONBANDERA_KITDIGITAL-1024x95-1.webp 1024w, https:\/\/sticsa.com\/wp-content\/uploads\/2025\/07\/CONBANDERA_KITDIGITAL-1024x95-1-300x28.webp 300w, https:\/\/sticsa.com\/wp-content\/uploads\/2025\/07\/CONBANDERA_KITDIGITAL-1024x95-1-768x71.webp 768w\" sizes=\"auto, (max-width: 1024px) 100vw, 1024px\" \/><\/figure>\n","protected":false},"excerpt":{"rendered":"<p>La seguretat aliment\u00e0ria \u00e9s fonamental per garantir que els productes que arriben als consumidors siguin segurs, de qualitat i compleixin amb les normatives vigents. El nostre equip d&#8217;experts en consultoria treballa per ajudar-te a prevenir riscos, complir amb les regulacions i enfortir la confian\u00e7a en els teus productes i processos. Auditories d&#8217;avaluaci\u00f3 de riscos i [&hellip;]<\/p>\n","protected":false},"author":1,"featured_media":0,"parent":0,"menu_order":0,"comment_status":"closed","ping_status":"closed","template":"","meta":{"_genesis_hide_title":true,"_genesis_hide_breadcrumbs":false,"_genesis_hide_singular_image":false,"_genesis_hide_footer_widgets":false,"_genesis_custom_body_class":"","_genesis_custom_post_class":"","_genesis_layout":"","footnotes":""},"class_list":{"0":"post-355","1":"page","2":"type-page","3":"status-publish","5":"entry"},"_links":{"self":[{"href":"https:\/\/sticsa.com\/ca\/wp-json\/wp\/v2\/pages\/355","targetHints":{"allow":["GET"]}}],"collection":[{"href":"https:\/\/sticsa.com\/ca\/wp-json\/wp\/v2\/pages"}],"about":[{"href":"https:\/\/sticsa.com\/ca\/wp-json\/wp\/v2\/types\/page"}],"author":[{"embeddable":true,"href":"https:\/\/sticsa.com\/ca\/wp-json\/wp\/v2\/users\/1"}],"replies":[{"embeddable":true,"href":"https:\/\/sticsa.com\/ca\/wp-json\/wp\/v2\/comments?post=355"}],"version-history":[{"count":10,"href":"https:\/\/sticsa.com\/ca\/wp-json\/wp\/v2\/pages\/355\/revisions"}],"predecessor-version":[{"id":479,"href":"https:\/\/sticsa.com\/ca\/wp-json\/wp\/v2\/pages\/355\/revisions\/479"}],"wp:attachment":[{"href":"https:\/\/sticsa.com\/ca\/wp-json\/wp\/v2\/media?parent=355"}],"curies":[{"name":"wp","href":"https:\/\/api.w.org\/{rel}","templated":true}]}}