{"id":417,"date":"2025-07-31T10:45:14","date_gmt":"2025-07-31T08:45:14","guid":{"rendered":"https:\/\/sticsa.com\/?page_id=417"},"modified":"2025-07-31T10:57:34","modified_gmt":"2025-07-31T08:57:34","slug":"avis-legal","status":"publish","type":"page","link":"https:\/\/sticsa.com\/ca\/avis-legal\/","title":{"rendered":"Av\u00eds legal"},"content":{"rendered":"\n<p>L\u2019av\u00eds legal explica les condicions de la nostra web, en compliment de la Llei 34\/2002, d&#8217;11 de juliol, de Serveis de la Societat de la Informaci\u00f3 i de Comer\u00e7 Electr\u00f2nic (coneguda com LSSI), aix\u00ed com altres normes que tenen una aplicaci\u00f3 legal.<\/p>\n\n\n\n<p>La nostra p\u00e0gina web t\u00e9 el domini <a href=\"https:\/\/sticsa.com\/\">https:\/\/sticsa.com\/<\/a> i \u00e9s responsabilitat de M\u00f2nica Chamorro, domiciliada al Carrer C\/ Santa Eul\u00e0lia 14, 08902\u00a0 de l\u2019Hospitalet de Llobretat amb codi postal 08902 amb CIF46762381T .<\/p>\n\n\n\n<p>Podeu contactar amb nosaltres enviant-nos un correu a <a href=\"mailto:monica.chamorro@sticsa.com\">monica.chamorro@sticsa.com<\/a><\/p>\n\n\n\n<p>En l&#8217;exercici d\u2019una professi\u00f3 regulada, estic col\u00b7legiada en el Col\u00b7legi de Dietistes-Nutricionistes de Catalunya, n\u00fam. CAT240<\/p>\n\n\n\n<p>M\u00f2nica Chamorro, amb el nom comercial de <strong>Sticsa, <\/strong>exerceix les funcions de titular del web i prestador dels serveis de la societat de la informaci\u00f3, &nbsp;a partir d\u2019ara Responsable legal.&nbsp;&nbsp;<\/p>\n\n\n\n<p>El fet d\u2019accedir i participar en aquesta p\u00e0gina implica que coneixes i acceptes la <a href=\"https:\/\/sticsa.com\/ca\/politica-de-privacitat\/\" data-type=\"page\" data-id=\"413\">pol\u00edtica de privacitat<\/a> de la web.<\/p>\n\n\n\n<h2 class=\"wp-block-heading\">Condicions d\u2019\u00fas de la web<\/h2>\n\n\n\n<p>L&#8217;\u00fas del web <a href=\"https:\/\/sticsa.com\/\">https:\/\/sticsa.com\/ <\/a>implica que tu, com a usuari de la web, coneixes i acceptes plenament els advertiments legals i les condicions vigents en cada moment que accedeixis. A continuaci\u00f3 t\u2019explico aquests advertiments legals i les condicions vigents.<\/p>\n\n\n\n<p>Aix\u00ed mateix, la utilitzaci\u00f3 d\u2019alguns serveis determinats que aquest lloc oficial pugui posar a disposici\u00f3 vostre, els usuaris, podeu estar sotmesos a condicions, advertiments o instruccions especials, que tamb\u00e9 hauries de consultar i acceptar sense reserves.<\/p>\n\n\n\n<p>La informaci\u00f3 proporcionada en aquesta web, \u00e9s nom\u00e9s per al teu coneixement general i no \u00e9s substitut de consells m\u00e8dics o professionals per a condicions m\u00e8diques espec\u00edfiques. No has d\u2019utilitzar aquesta informaci\u00f3 per a diagnosticar o tratar cap problema de salud o malaltia sense consultar amb un professional m\u00e8dic.<\/p>\n\n\n\n<p><strong>Gratu\u00eftat de l\u2019acc\u00e9s<\/strong><\/p>\n\n\n\n<p>La utilitzaci\u00f3 del lloc oficial <a href=\"https:\/\/sticsa.com\/\">https:\/\/sticsa.com\/<\/a> t\u00e9 car\u00e0cter gratu\u00eft. No obstant aix\u00f2, en el cas que s\u2019ofereixi algun servei en el web que requereixi realitzar una contractaci\u00f3 pr\u00e8via, aquest pot estar condicionat al pagament d&#8217;un preu, actualment o en el futur, cosa que s&#8217;indicar\u00e0 convenientment.<\/p>\n\n\n\n<p><strong>Propietat intel\u00b7lectual i modificacions per part d\u2019usuaris<\/strong><\/p>\n\n\n\n<p>Aquesta p\u00e0gina web es troba protegida per les lleis de propietat intel\u00b7lectual i industrial (d\u2019ara endavant, \u201cels Drets\u201d), aix\u00ed com que aquests Drets s\u00f3n v\u00e0lids i estan protegits en tots els mitjans existents en l\u2019actualitat o que es desenvolupin en un futur. Tu, com a usuari, acceptes que l\u2019\u00fas del contingut est\u00e0 subjecte i es regeix per aquestes normes, a m\u00e9s a m\u00e9s pels drets, aix\u00ed com per les lleis de la propietat privada aplicables en la legislaci\u00f3 vigent.<\/p>\n\n\n\n<p>Amb car\u00e0cter general, no es permet als usuaris la modificaci\u00f3 de les p\u00e0gines que constitueixen el lloc web <a href=\"https:\/\/sticsa.com\/\">https:\/\/sticsa.com\/<\/a> ni dels seus continguts.<\/p>\n\n\n\n<p>Com a Responsable legal ens reservem el dret de modificar les p\u00e0gines i continguts del meu lloc web, aix\u00ed com les condicions d&#8217;\u00fas, i publicar-ho en aquest mateix lloc web.<\/p>\n\n\n\n<p><strong>Restriccions d\u2019acc\u00e9s i \u00fas<\/strong><\/p>\n\n\n\n<p>La utilitzaci\u00f3 del lloc oficial del Responsable legal haur\u00e0 d&#8217;obeir al contingut d&#8217;aquestes condicions generals i de qualsevol de les disposicions legals aplicables.<\/p>\n\n\n\n<p>Com a Responsable legal ens reservem el dret unilateral de denegar l&#8217;acc\u00e9s a aquest lloc web als usuaris que incompleixin aquestes condicions d&#8217;\u00fas i privacitat.<\/p>\n\n\n\n<h2 class=\"wp-block-heading\">Pol\u00edtica d\u2019enlla\u00e7os i exempcions de responsabilitat<\/h2>\n\n\n\n<p>Com a Responsable legal no em faig responsable del contingut de les p\u00e0gines web a les quals pugui accedir l\u2019usuari a trav\u00e9s dels enlla\u00e7os establerts al web i declara que en cap cas examinar\u00e0 ni exercitar\u00e0 cap tipus de control sobre el contingut d\u2019altres p\u00e0gines de la xarxa.<\/p>\n\n\n\n<p>Aix\u00ed mateix, tampoc garanteixo la disponibilitat t\u00e8cnica, exactitud, veracitat, validesa o legalitat de p\u00e0gines alienes a la meva propietat a les qual es pugui accedir a trav\u00e9s dels enlla\u00e7os.<\/p>\n\n\n\n<p>Com a Responsable legal declaro que he adoptat totes les mesures necess\u00e0ries per evitar qualsevol dany que pugui derivar-se de la navegaci\u00f3 per les seves p\u00e0gines web. En conseq\u00fc\u00e8ncia no em faig responsable, en cap cas, dels eventuals danys que pugui patir l\u2019usuari a causa de la navegaci\u00f3 per Internet.<\/p>\n\n\n\n<p>Com a Responsable legal no em responsabilitzo dels danys o perjudicis de qualsevol tipus produ\u00efts en l\u2019usuari que portin causa d\u2019errors o desconnexions a les xarxes de telecomunicacions que produeix la suspensi\u00f3, cancel\u00b7laci\u00f3 o interrupci\u00f3 del servei de la web durant la prestaci\u00f3 del mateix o amb car\u00e0cter previ.<\/p>\n\n\n\n<p>L\u2019acc\u00e9s a la web no implica l\u2019obligaci\u00f3, com a Responsable legal, de controlar l\u2019abs\u00e8ncia de virus o qualsevol altre element inform\u00e0tic dany\u00f3s. Correspon a l\u2019usuari, en tot cas, la disponibilitat d\u2019eines adequades per a la detecci\u00f3 i desinfecci\u00f3 de programes inform\u00e0tics nocius.<\/p>\n\n\n\n<p>Com a Responsable legal &nbsp;no em responsabilitzo dels danys produ\u00efts en els equips inform\u00e0tics, documents i\/o fitxers dels usuaris o de tercers durant la prestaci\u00f3 del servei al Portal.<\/p>\n\n\n\n<h2 class=\"wp-block-heading\">Normativa d\u2019aplicaci\u00f3<\/h2>\n\n\n\n<p>La llei d\u2019aplicaci\u00f3 en cas de disputa o conflicte d\u2019interpretaci\u00f3 dels termes que conformen aquest av\u00eds legal, aix\u00ed com qualsevol q\u00fcesti\u00f3 relacionada amb els serveis d\u2019aquest portal seria la llei espanyola.<\/p>\n","protected":false},"excerpt":{"rendered":"<p>L\u2019av\u00eds legal explica les condicions de la nostra web, en compliment de la Llei 34\/2002, d&#8217;11 de juliol, de Serveis de la Societat de la Informaci\u00f3 i de Comer\u00e7 Electr\u00f2nic (coneguda com LSSI), aix\u00ed com altres normes que tenen una aplicaci\u00f3 legal. La nostra p\u00e0gina web t\u00e9 el domini https:\/\/sticsa.com\/ i \u00e9s responsabilitat de M\u00f2nica [&hellip;]<\/p>\n","protected":false},"author":1,"featured_media":0,"parent":0,"menu_order":0,"comment_status":"closed","ping_status":"closed","template":"","meta":{"_genesis_hide_title":false,"_genesis_hide_breadcrumbs":false,"_genesis_hide_singular_image":false,"_genesis_hide_footer_widgets":false,"_genesis_custom_body_class":"","_genesis_custom_post_class":"","_genesis_layout":"","footnotes":""},"class_list":{"0":"post-417","1":"page","2":"type-page","3":"status-publish","5":"entry"},"_links":{"self":[{"href":"https:\/\/sticsa.com\/ca\/wp-json\/wp\/v2\/pages\/417","targetHints":{"allow":["GET"]}}],"collection":[{"href":"https:\/\/sticsa.com\/ca\/wp-json\/wp\/v2\/pages"}],"about":[{"href":"https:\/\/sticsa.com\/ca\/wp-json\/wp\/v2\/types\/page"}],"author":[{"embeddable":true,"href":"https:\/\/sticsa.com\/ca\/wp-json\/wp\/v2\/users\/1"}],"replies":[{"embeddable":true,"href":"https:\/\/sticsa.com\/ca\/wp-json\/wp\/v2\/comments?post=417"}],"version-history":[{"count":1,"href":"https:\/\/sticsa.com\/ca\/wp-json\/wp\/v2\/pages\/417\/revisions"}],"predecessor-version":[{"id":418,"href":"https:\/\/sticsa.com\/ca\/wp-json\/wp\/v2\/pages\/417\/revisions\/418"}],"wp:attachment":[{"href":"https:\/\/sticsa.com\/ca\/wp-json\/wp\/v2\/media?parent=417"}],"curies":[{"name":"wp","href":"https:\/\/api.w.org\/{rel}","templated":true}]}}