{"id":422,"date":"2025-07-31T10:59:13","date_gmt":"2025-07-31T08:59:13","guid":{"rendered":"https:\/\/sticsa.com\/?page_id=422"},"modified":"2025-07-31T11:01:05","modified_gmt":"2025-07-31T09:01:05","slug":"politica-de-cookies","status":"publish","type":"page","link":"https:\/\/sticsa.com\/ca\/politica-de-cookies\/","title":{"rendered":"Pol\u00edtica de cookies"},"content":{"rendered":"\n<p>En aquesta p\u00e0gina expliquem quina \u00e9s la pol\u00edtica de cookies d\u2019aquesta web. Mitjan\u00e7ant l\u2019acc\u00e9s i \u00fas del web, acceptes que <strong>Sticsa <\/strong>pot utilitzar les <em>cookies<\/em> pr\u00f2pies i de tercers, de sessi\u00f3 i permanents, amb finalitats diferents.&nbsp;<\/p>\n\n\n\n<p>A continuaci\u00f3 s\u2019expliquen quins tipus de cookies hi ha i quins s\u00f3n els usos concrets que fem d&#8217;aquestes tecnologies a la web.<\/p>\n\n\n\n<h2 class=\"wp-block-heading\">Els principals tipus de cookies<\/h2>\n\n\n\n<p>Hi ha diferents tipus de cookies que poden realitzar una o m\u00e9s funcions a la web.&nbsp; Les cookies s\u00f3n arxius que els llocs web&nbsp; o les aplicacions instalen en el navegador o en el dispositiu (smarphone, table, televisi\u00f3 connectada,&#8230;) de l\u2019usuari durant el seu recorregut per les p\u00e0gines del lloc i serveixen per emmagatzemar&nbsp; informaci\u00f3 sobre la seva visita.&nbsp;<\/p>\n\n\n\n<p>A continuaci\u00f3 es presenta una llista dels principals tipus de cookies amb una breu descripci\u00f3.<\/p>\n\n\n\n<ul class=\"wp-block-list\">\n<li><strong>T\u00e8cniques<\/strong><\/li>\n<\/ul>\n\n\n\n<p>Permeten a l&#8217;usuari la navegaci\u00f3 a trav\u00e9s d&#8217;una p\u00e0gina web, plataforma o aplicaci\u00f3 i la utilitzaci\u00f3 de les diferents opcions o serveis que hi hagi, inclosos aquells que l&#8217;editor utilitza per permetre gesti\u00f3 operativa de la p\u00e0gina web i habilitar-ne les funcions i serveis, com, per exemple, controlar el tr\u00e0nsit i la comunicaci\u00f3 de dades, identificar la sessi\u00f3&#8230;.<\/p>\n\n\n\n<ul class=\"wp-block-list\">\n<li><strong>De preferencia o personalizaci\u00f3<\/strong><\/li>\n<\/ul>\n\n\n\n<p>Permeten recordar informaci\u00f3 perqu\u00e8 l&#8217;usuari accedeixi al servei amb caracter\u00edstiques determinades que puguin diferenciar la seva experi\u00e8ncia de la resta d&#8217;altres usuaris.<\/p>\n\n\n\n<ul class=\"wp-block-list\">\n<li><strong>D\u2019an\u00e0lisis o mesura<\/strong><\/li>\n<\/ul>\n\n\n\n<p>S\u00f3n aquelles que tractades per nosaltres o tercers, permeten quantificar el nombre d&#8217;usuaris i aix\u00ed realitzar la mesura i l&#8217;an\u00e0lisi estad\u00edstica de l&#8217;\u00fas que fan els usuaris dels serveis oferts. Per aquest motiu, s&#8217;analitza la vostra navegaci\u00f3 a la p\u00e0gina web per tal de millorar l&#8217;oferta de productes o serveis que us oferim.<\/p>\n\n\n\n<ul class=\"wp-block-list\">\n<li><strong>De publicitat del comportament<\/strong><\/li>\n<\/ul>\n\n\n\n<p>Guarden informaci\u00f3 del comportament dels usuaris obtinguda a trav\u00e9s de l&#8217;observaci\u00f3 continuada dels seus h\u00e0bits de navegaci\u00f3, cosa que permet desenvolupar un perfil espec\u00edfic per mostrar publicitat a trav\u00e9s del mateix.<\/p>\n\n\n\n<h2 class=\"wp-block-heading\">Les cookies en aquesta web<\/h2>\n\n\n\n<p>De forma senzilla a continuaci\u00f3 es presenta un llistat de les galetes que utilitzem a la nostra web.<\/p>\n\n\n\n<figure class=\"wp-block-table\"><table class=\"has-fixed-layout\"><tbody><tr><td><strong>Nom de la cookie<\/strong><\/td><td><strong>Qui les utilitza<\/strong>(pr\u00f2pies\/tercers)&nbsp;<\/td><td><strong>Tipus\/finalita<\/strong><strong>t<\/strong><\/td><td><strong>Descripci\u00f3<\/strong><\/td><td><strong>Temps de perman\u00e8ncia<\/strong><\/td><\/tr><tr><td>_icl_visitor_lang_js<\/td><td>tercers, WPML<\/td><td>Funcional<\/td><td>Emmagatzema l&#8217;idioma redirigit. Aquesta galeta est\u00e0 habilitada per a tots els visitants del lloc quan s&#8217;utilitza la funci\u00f3 de redirecci\u00f3 d&#8217;idioma del navegador<\/td><td>sessi\u00f3<\/td><\/tr><tr><td>wpml_browser_redirect_test&nbsp;<\/td><td>tercers, WPML<\/td><td>Funcional<\/td><td>per llegir si es poden col\u00b7locar cookies<\/td><td>sessi\u00f3<\/td><\/tr><tr><td>wp-wpml_current_language<\/td><td>web<\/td><td>Sessi\u00f3<\/td><td>serveix per desar les opcions de lleguatge<\/td><td>1 dia<\/td><\/tr><tr><td>cf_clearance<\/td><td>cloudflare<\/td><td>Funcional<\/td><td>demostra a Cloudflare que el visitant \u00e9s una persona verificada i que ha superat el Repte que se li ha presentat<\/td><td>1 any<\/td><\/tr><\/tbody><\/table><\/figure>\n\n\n\n<h2 class=\"wp-block-heading\">Configuraci\u00f3 de les cookies i la seva deshabilitaci\u00f3<\/h2>\n\n\n\n<p>Has de saber que pots configurar el teu navegador per acceptar o rebutjar per defecte totes les <em>cookies<\/em>, o per rebre un av\u00eds en pantalla de la recepci\u00f3 de cada <em>cookie<\/em> i decidir-ne en aquest moment la seva implantaci\u00f3.<\/p>\n\n\n\n<p>Si l\u2019usuari ho desitja, es pot deixar d\u2019acceptar les cookies del navegador. Tots els navegadors actuals permeten canviar la configuraci\u00f3 de les Cookies Aquests ajustaments normalment es troben en les opcions o prefer\u00e8ncies del men\u00fa del navegador.<\/p>\n\n\n\n<p>Els procediments per al bloqueig i eliminaci\u00f3 de les <em>cookies<\/em> poden diferir d\u2019un navegador d\u2019internet a un altre, per la qual cosa l\u2019usuari haur\u00e0 de consultar les instruccions facilitades pel navegador d\u2019internet, com les que es detallen a continuaci\u00f3:<\/p>\n\n\n\n<ul class=\"wp-block-list\">\n<li><a href=\"http:\/\/windows.microsoft.com\/es-es\/windows-vista\/block-or-allow-cookies\" target=\"_blank\" rel=\"noreferrer noopener\">Configuraci\u00f3 de <em>cookies<\/em> d\u2019Internet Explorer<\/a><\/li>\n\n\n\n<li><a href=\"https:\/\/support.mozilla.org\/es\/kb\/habilitar-y-deshabilitar-cookies-que-los-sitios-we\" target=\"_blank\" rel=\"noreferrer noopener\">Configuraci\u00f3 de <em>cookies<\/em> de Firefox<\/a><\/li>\n\n\n\n<li><a href=\"https:\/\/support.google.com\/chrome\/bin\/answer.py?hl=es&amp;answer=95647\">Configuraci\u00f3 de <em>cookies<\/em> de G<\/a><a href=\"https:\/\/support.google.com\/chrome\/bin\/answer.py?hl=es&amp;answer=95647\" target=\"_blank\" rel=\"noreferrer noopener\">o<\/a><a href=\"https:\/\/support.google.com\/chrome\/bin\/answer.py?hl=es&amp;answer=95647\">ogle Chrome<\/a><\/li>\n\n\n\n<li><a href=\"http:\/\/support.apple.com\/kb\/HT1677?viewlocale=es_ES&amp;locale=es_ES\" target=\"_blank\" rel=\"noreferrer noopener\">Configuraci\u00f3 de <em>cookies<\/em> de Safari<\/a><\/li>\n<\/ul>\n\n\n\n<p>Aquests navegadors estan sotmesos a actualitzacions o modificacions, de manera que no podem garantir que s\u2019ajustin completament a la versi\u00f3 del teu navegador.<\/p>\n\n\n\n<p>En cas que desitgis rebutjar la utilitzaci\u00f3 de <em>cookies<\/em>, has de saber que pots tenir limitat l\u2019\u00fas d\u2019algunes prestacions del web o el comportament de la web pot ser diferent.&nbsp; Es probable que si es deshabilita&nbsp; l\u2019\u00fas de les cookies, es probable que el web no li deixa&nbsp; accedir a totes les zones del mateix o es degradi la seva experi\u00e8ncia de navegaci\u00f3.&nbsp;<\/p>\n\n\n\n<h2 class=\"wp-block-heading\">Actualitzaci\u00f3 de la Pol\u00edtica de Cookies<\/h2>\n\n\n\n<p><strong>Sticsa <\/strong>pot modificar aquesta pol\u00edtica de cookies en funci\u00f3 de les exig\u00e8ncies legislatives, normatives o amb la finalitat d&#8217;adaptar aquesta pol\u00edtica a les instruccions que pugui publicar els organismes reguladors com l\u2019Ag\u00e8ncia Espanyola de Protecci\u00f3 de Dades.&nbsp;<\/p>\n\n\n\n<p>Per aquest motiu es recomana la consulta peri\u00f2dica d\u2019aquesta pol\u00edtica.<\/p>\n\n\n\n<h2 class=\"wp-block-heading\">Perfils<\/h2>\n\n\n\n<p>En aquesta web no es realitzen perfils dels usaris que la visiten<\/p>\n\n\n\n<h2 class=\"wp-block-heading\">Transfer\u00e8ncia a pa\u00efsos tercers<\/h2>\n\n\n\n<p>Els prove\u00efdors tecnol\u00f2gics de suport a la web poden fer transfer\u00e8ncies a tercers pa\u00efsos.&nbsp; Pots informar-te de les seves&nbsp; transfer\u00e8ncies a tercers pa\u00efsos que, en cada cas, realitzen les cookies identificades en les seves pol\u00edtiques de cookies.&nbsp;<\/p>\n\n\n\n<h2 class=\"wp-block-heading\">Si tens m\u00e9s dubtes<\/h2>\n\n\n\n<p>Per a qualsevol q\u00fcesti\u00f3 addicional relacionada amb l\u2019\u00fas de <em>cookies<\/em>, pots enviar la teva petici\u00f3 mitjan\u00e7ant un correu electr\u00f2nic a <a href=\"mailto:info@sticsa.com\">info@sticsa.com<\/a><\/p>\n","protected":false},"excerpt":{"rendered":"<p>En aquesta p\u00e0gina expliquem quina \u00e9s la pol\u00edtica de cookies d\u2019aquesta web. Mitjan\u00e7ant l\u2019acc\u00e9s i \u00fas del web, acceptes que Sticsa pot utilitzar les cookies pr\u00f2pies i de tercers, de sessi\u00f3 i permanents, amb finalitats diferents.&nbsp; A continuaci\u00f3 s\u2019expliquen quins tipus de cookies hi ha i quins s\u00f3n els usos concrets que fem d&#8217;aquestes tecnologies [&hellip;]<\/p>\n","protected":false},"author":1,"featured_media":0,"parent":0,"menu_order":0,"comment_status":"closed","ping_status":"closed","template":"","meta":{"_genesis_hide_title":false,"_genesis_hide_breadcrumbs":false,"_genesis_hide_singular_image":false,"_genesis_hide_footer_widgets":false,"_genesis_custom_body_class":"","_genesis_custom_post_class":"","_genesis_layout":"","footnotes":""},"class_list":{"0":"post-422","1":"page","2":"type-page","3":"status-publish","5":"entry"},"_links":{"self":[{"href":"https:\/\/sticsa.com\/ca\/wp-json\/wp\/v2\/pages\/422","targetHints":{"allow":["GET"]}}],"collection":[{"href":"https:\/\/sticsa.com\/ca\/wp-json\/wp\/v2\/pages"}],"about":[{"href":"https:\/\/sticsa.com\/ca\/wp-json\/wp\/v2\/types\/page"}],"author":[{"embeddable":true,"href":"https:\/\/sticsa.com\/ca\/wp-json\/wp\/v2\/users\/1"}],"replies":[{"embeddable":true,"href":"https:\/\/sticsa.com\/ca\/wp-json\/wp\/v2\/comments?post=422"}],"version-history":[{"count":1,"href":"https:\/\/sticsa.com\/ca\/wp-json\/wp\/v2\/pages\/422\/revisions"}],"predecessor-version":[{"id":423,"href":"https:\/\/sticsa.com\/ca\/wp-json\/wp\/v2\/pages\/422\/revisions\/423"}],"wp:attachment":[{"href":"https:\/\/sticsa.com\/ca\/wp-json\/wp\/v2\/media?parent=422"}],"curies":[{"name":"wp","href":"https:\/\/api.w.org\/{rel}","templated":true}]}}