{"id":438,"date":"2025-07-31T12:15:38","date_gmt":"2025-07-31T10:15:38","guid":{"rendered":"https:\/\/sticsa.com\/?page_id=438"},"modified":"2025-09-22T18:18:36","modified_gmt":"2025-09-22T16:18:36","slug":"declaracio-daccessibilitat","status":"publish","type":"page","link":"https:\/\/sticsa.com\/ca\/declaracio-daccessibilitat\/","title":{"rendered":"Declaraci\u00f3 d&#8217;accessibilitat"},"content":{"rendered":"\n<p>Monica Chamorro s\u2019ha comprom\u00e8s a fer accessible el seu lloc web&nbsp;<a href=\"https:\/\/www.sticsa.com\/\">www.sticsa.com<\/a>, de conformitat amb la norma UNE-EN 301 549:2022.<\/p>\n\n\n\n<p>La present declaraci\u00f3 d\u2019accessibilitat s\u2019aplica al lloc web&nbsp;<a href=\"https:\/\/www.sticsa.com\/\">www.sticsa.com<\/a><\/p>\n\n\n\n<h2 class=\"wp-block-heading\">Situaci\u00f3 de compliment<\/h2>\n\n\n\n<p>Aquest lloc web \u00e9s plenament conforme amb amb la norma UNE-EN 301 549:2022.<\/p>\n\n\n\n<h2 class=\"wp-block-heading\">Preparaci\u00f3 de la present declaraci\u00f3 d\u2019accessibilitat&nbsp;<\/h2>\n\n\n\n<p>La present declaraci\u00f3 va ser preparada el 31 de juliol de 2025.\u00a0<\/p>\n\n\n\n<p>El m\u00e8tode utilitzat per preparar la declaraci\u00f3 ha estat l\u2019autoevaluaci\u00f3 portada a terme per Mar Fernandez, la qual declara que el present lloc web correspon substancialment a la interpretaci\u00f3 de la guia informativa proporcionada per les pautes WCAG 2.1 AA. En aquest esfor\u00e7 continu en l\u2019eliminaci\u00f3 de barreres, seguir\u00e0 millorant aquest lloc fins a aconseguir una accessibilitat i usabilitat \u00f2ptimes per a tots els usuaris.<\/p>\n\n\n\n<p>Darrera revisi\u00f3 de la declaraci\u00f3: 31 de juliol de 2025.\u00a0<\/p>\n\n\n\n<h2 class=\"wp-block-heading\">Observacions i dades de contacte&nbsp;<\/h2>\n\n\n\n<p>Podeu realitzar comunicacions sobre requisits d\u2019accessibilitat (article 10.2 del RD 1112\/2018) com per exemple:<\/p>\n\n\n\n<ul class=\"wp-block-list\">\n<li>informar sobre qualsevol possible incompliment per part d\u2019aquest lloc web<\/li>\n\n\n\n<li>transmetre altres dificultats d\u2019acc\u00e9s al contingut<\/li>\n\n\n\n<li>formular qualsevol altra consulta o suggeriment de millora relativa a l\u2019accessibilitat del lloc web a trav\u00e9s de mail&nbsp;<a href=\"mailto:info@sticsa.com\">info@sticsa.com<\/a>.<\/li>\n<\/ul>\n\n\n\n<h2 class=\"wp-block-heading\">Contingut opcional<\/h2>\n\n\n\n<p>Aquest lloc web:<\/p>\n\n\n\n<ul class=\"wp-block-list\">\n<li>S\u2019ha dissenyat adaptant-se als est\u00e0ndards i normatives vigents en relaci\u00f3 amb l\u2019accessibilitat, complint amb els punts de verificaci\u00f3 de prioritat 2 (AA) definits a l\u2019especificaci\u00f3 de les Directrius d\u2019Accessibilitat al Contingut a la Web (WCAG 2.1).<\/li>\n\n\n\n<li>Compleix els requisits de la Norma UNE-EN 301549 v1.1.2:2022, considerant les excepcions del Reial decret 1112\/2018.<\/li>\n\n\n\n<li>Est\u00e0 dissenyat per a la seva correcta visualitzaci\u00f3 en dispositius descriptori, tablet i m\u00f2bils per a una resoluci\u00f3 m\u00ednima de 1280\u00d71024.<\/li>\n\n\n\n<li>S\u2019ha realitzat en tecnologia WordPress, utilitzant HTML5 com a llenguatge de marcatge i fulls d\u2019estil CSS 3 pel disseny.<\/li>\n<\/ul>\n","protected":false},"excerpt":{"rendered":"<p>Monica Chamorro s\u2019ha comprom\u00e8s a fer accessible el seu lloc web&nbsp;www.sticsa.com, de conformitat amb la norma UNE-EN 301 549:2022. La present declaraci\u00f3 d\u2019accessibilitat s\u2019aplica al lloc web&nbsp;www.sticsa.com Situaci\u00f3 de compliment Aquest lloc web \u00e9s plenament conforme amb amb la norma UNE-EN 301 549:2022. Preparaci\u00f3 de la present declaraci\u00f3 d\u2019accessibilitat&nbsp; La present declaraci\u00f3 va ser preparada [&hellip;]<\/p>\n","protected":false},"author":1,"featured_media":0,"parent":0,"menu_order":0,"comment_status":"closed","ping_status":"closed","template":"","meta":{"_genesis_hide_title":false,"_genesis_hide_breadcrumbs":false,"_genesis_hide_singular_image":false,"_genesis_hide_footer_widgets":false,"_genesis_custom_body_class":"","_genesis_custom_post_class":"","_genesis_layout":"","footnotes":""},"class_list":{"0":"post-438","1":"page","2":"type-page","3":"status-publish","5":"entry"},"_links":{"self":[{"href":"https:\/\/sticsa.com\/ca\/wp-json\/wp\/v2\/pages\/438","targetHints":{"allow":["GET"]}}],"collection":[{"href":"https:\/\/sticsa.com\/ca\/wp-json\/wp\/v2\/pages"}],"about":[{"href":"https:\/\/sticsa.com\/ca\/wp-json\/wp\/v2\/types\/page"}],"author":[{"embeddable":true,"href":"https:\/\/sticsa.com\/ca\/wp-json\/wp\/v2\/users\/1"}],"replies":[{"embeddable":true,"href":"https:\/\/sticsa.com\/ca\/wp-json\/wp\/v2\/comments?post=438"}],"version-history":[{"count":2,"href":"https:\/\/sticsa.com\/ca\/wp-json\/wp\/v2\/pages\/438\/revisions"}],"predecessor-version":[{"id":500,"href":"https:\/\/sticsa.com\/ca\/wp-json\/wp\/v2\/pages\/438\/revisions\/500"}],"wp:attachment":[{"href":"https:\/\/sticsa.com\/ca\/wp-json\/wp\/v2\/media?parent=438"}],"curies":[{"name":"wp","href":"https:\/\/api.w.org\/{rel}","templated":true}]}}